{"id":34,"date":"2012-05-24T16:27:08","date_gmt":"2012-05-24T14:27:08","guid":{"rendered":"http:\/\/www.biergarten-vierlinden.de\/sommersprossen\/?page_id=34"},"modified":"2025-06-16T18:51:07","modified_gmt":"2025-06-16T16:51:07","slug":"kontakt","status":"publish","type":"page","link":"https:\/\/www.vierlinden-openair.de\/?page_id=34","title":{"rendered":"ANFAHRT\/KONTAKT"},"content":{"rendered":"<p><strong>ANFAHRT<\/strong><\/p>\n<p><strong>Anfahrt mit \u00f6ffentlichen Verkehrsmitteln:<\/strong><\/p>\n<ul>\n<li>U-BAHN: U76 \/ U79 (Haltestelle: Kaiserslauterner Str.)<\/li>\n<li>S-BAHN: S1 \/ S6 \/ S68 (Haltestelle: Oberbilk S Bahnhof)<\/li>\n<li>Stra\u00dfenbahn: 701 (Haltestelle: Oberbilk S Bahnhof)<\/li>\n<\/ul>\n<p><strong>Anfahrt mit dem PKW:<\/strong><\/p>\n<ul>\n<li><strong>Aus dem S\u00fcden:<\/strong><br \/>\nA 3 bis Kreuz Hilden, A 46 Richtung D\u00fcsseldorf, 1. Abfahrt im Tunnel (Wersten): rechts Richtung Oberbilk, Mitsubishi Electric Halle. Nach circa 4 km liegt links die Mitsubishi Electric Halle. Fahren Sie links auf den vorderen Parkplatz der Veranstaltungshalle. Fahren Sie bitte rechts am Geb\u00e4ude vorbei auf den hinteren Parkplatz (P1). Dort sehen Sie schon das Akki-Haus (VierLinden Open-Air) im Park.<\/li>\n<li><strong>Aus dem Norden:<\/strong><br \/>\nA 3 bis Breitscheider Kreuz, A 52 Richtung D\u00fcsseldorf bis Autobahn-Ende: M\u00f6rsenbroich. Links Richtung Gerresheim\/Grafenberg. Nach 200 Meters rechts abbiegen Richtung Flingern. Den Ringstra\u00dfen (Brehmstr., Lindemann Str., Dorotheenstr., Kruppstr.) nach S\u00fcden, Oberbilk folgen bis zum Oberbilker Markt. Dort links in die K\u00f6lner Str. abbiegen, Richtung Mitsubishi Electric Halle. Durch Oberbilk folgen Sie der K\u00f6lner Str., kreuzen die Oberbilker Allee vor der S-Bahn-Station Oberbilk. Direkt hinter der S-Bahn-Br\u00fccke liegt rechts die Mitsubishi Electric Halle. Fahren Sie auf den ersten Parkplatz (P1) an der Halle vorbei auf den hinteren Bereich der Veranstaltungshalle. Von dort sehen Sie schon das Akki-Haus (VierLinden Open-Air) im Park.<\/li>\n<\/ul>\n<p>Der Parkplatz (Siegburger Str. 15, 40591 D\u00fcsseldorf) der Mitsubishi Electric Halle ist <strong>kostenplichtig<\/strong>! Der Parkplatz hat rund um die Uhr (24h) ge\u00f6ffnet. Anbei die aktuellen Preise f\u00fcr den Parkplatz.<\/p>\n<p><strong>PREISE (Stand: 06\/2025)<\/strong><br \/>\n<em>Standardtarif<\/em><br \/>\nerste 30 Minuten\u00a0\u00a0\u00a0\u00a0\u00a0\u00a0\u00a0\u00a0\u00a0\u00a0\u00a0\u00a0\u00a0\u00a0\u00a0\u00a0\u00a0\u00a0 kostenlos<br \/>\nweitere 30 Minuten\u00a0\u00a0\u00a0\u00a0\u00a0\u00a0\u00a0\u00a0\u00a0\u00a0\u00a0\u00a0\u00a0\u00a0 1,50 \u20ac<br \/>\njede weitere Stunde\u00a0\u00a0\u00a0\u00a0\u00a0\u00a0\u00a0\u00a0\u00a0\u00a0\u00a0\u00a0\u00a0 1,50 \u20ac<br \/>\nTagesh\u00f6chtsatz\u00a0\u00a0\u00a0\u00a0\u00a0\u00a0\u00a0\u00a0\u00a0\u00a0\u00a0\u00a0\u00a0\u00a0\u00a0\u00a0\u00a0\u00a0\u00a0\u00a0 18,00 \u20ac<\/p>\n<p><em>Veranstaltungstarif\u00a0\u00a0<\/em>\u00a0 \u00a0 \u00a0 \u00a0 \u00a0 \u00a0 \u00a0 10,00 \u20ac<br \/>\n(pauschal von 16:00 Uhr bis 06:00 Uhr)<br \/>\n<em>Zahlungsmittel:<\/em> Bargeld \/ EC-Karte \/ Mastercard \/ Visa<\/p>\n<p><strong>KONTAKT<\/strong><\/p>\n<p><strong>VierLinden Open-Air<\/strong><br \/>\nTel: 0211 \/ 72 13 134<\/p>\n<p>Wenn Sie Fragen oder Anregungen zu unserem Programm haben, k\u00f6nnen Sie uns unter\u00a0<strong><a href=\"mailto:info@biergarten-vierlinden.de\">info[\u00e4t]vierlinden-openair.de<\/a><\/strong>\u00a0erreichen.<\/p>\n<p>Sie finden das <strong>VierLinden Open-Air<\/strong> im S\u00fcdpark hinter der <strong>Mitsubishi Electric Halle<\/strong> (ehemals Philipshalle) im Innenhof des Akki-Hauses am <strong>Parkplatz P1<\/strong>.<\/p>\n","protected":false},"excerpt":{"rendered":"<p>ANFAHRT Anfahrt mit \u00f6ffentlichen Verkehrsmitteln: U-BAHN: U76 \/ U79 (Haltestelle: Kaiserslauterner Str.) S-BAHN: S1 \/ S6 \/ S68 (Haltestelle: Oberbilk S Bahnhof) Stra\u00dfenbahn: 701 (Haltestelle: Oberbilk S Bahnhof) Anfahrt mit dem PKW: Aus dem S\u00fcden: A 3 bis Kreuz Hilden, &hellip; <a href=\"https:\/\/www.vierlinden-openair.de\/?page_id=34\">Weiterlesen <span class=\"meta-nav\">&rarr;<\/span><\/a><\/p>\n","protected":false},"author":1,"featured_media":0,"parent":0,"menu_order":8,"comment_status":"closed","ping_status":"closed","template":"sidebar-page.php","meta":{"footnotes":""},"class_list":["post-34","page","type-page","status-publish","hentry"],"_links":{"self":[{"href":"https:\/\/www.vierlinden-openair.de\/index.php?rest_route=\/wp\/v2\/pages\/34","targetHints":{"allow":["GET"]}}],"collection":[{"href":"https:\/\/www.vierlinden-openair.de\/index.php?rest_route=\/wp\/v2\/pages"}],"about":[{"href":"https:\/\/www.vierlinden-openair.de\/index.php?rest_route=\/wp\/v2\/types\/page"}],"author":[{"embeddable":true,"href":"https:\/\/www.vierlinden-openair.de\/index.php?rest_route=\/wp\/v2\/users\/1"}],"replies":[{"embeddable":true,"href":"https:\/\/www.vierlinden-openair.de\/index.php?rest_route=%2Fwp%2Fv2%2Fcomments&post=34"}],"version-history":[{"count":28,"href":"https:\/\/www.vierlinden-openair.de\/index.php?rest_route=\/wp\/v2\/pages\/34\/revisions"}],"predecessor-version":[{"id":5046,"href":"https:\/\/www.vierlinden-openair.de\/index.php?rest_route=\/wp\/v2\/pages\/34\/revisions\/5046"}],"wp:attachment":[{"href":"https:\/\/www.vierlinden-openair.de\/index.php?rest_route=%2Fwp%2Fv2%2Fmedia&parent=34"}],"curies":[{"name":"wp","href":"https:\/\/api.w.org\/{rel}","templated":true}]}}